{"id":238,"date":"2024-01-18T22:47:34","date_gmt":"2024-01-18T22:47:34","guid":{"rendered":"https:\/\/syntcarbon.pl\/?page_id=238"},"modified":"2025-06-28T16:45:05","modified_gmt":"2025-06-28T16:45:05","slug":"lider_gubernat","status":"publish","type":"page","link":"https:\/\/syntcarbon.pl\/index.php\/lider_gubernat\/","title":{"rendered":"LIDER_ROCKET23"},"content":{"rendered":"\n<div style=\"height:20px\" aria-hidden=\"true\" class=\"wp-block-spacer\"><\/div>\n\n\n\n<div class=\"wp-block-group has-white-background-color has-background\"><div class=\"wp-block-group__inner-container is-layout-constrained wp-block-group-is-layout-constrained\">\n<div class=\"wp-block-columns is-layout-flex wp-container-core-columns-is-layout-9d6595d7 wp-block-columns-is-layout-flex\">\n<div class=\"wp-block-column is-vertically-aligned-top is-layout-flow wp-block-column-is-layout-flow\">\n<figure class=\"wp-block-gallery has-nested-images columns-default is-cropped wp-block-gallery-1 is-layout-flex wp-block-gallery-is-layout-flex\"><div class=\"wp-block-image\">\n<figure class=\"alignright size-full\"><img loading=\"lazy\" decoding=\"async\" width=\"299\" height=\"168\" data-id=\"380\" src=\"https:\/\/syntcarbon.pl\/wp-content\/uploads\/2024\/01\/images-1.png\" alt=\"\" class=\"wp-image-380\"\/><\/figure>\n<\/div><\/figure>\n<\/div>\n\n\n\n<div class=\"wp-block-column is-vertically-aligned-center is-layout-flow wp-block-column-is-layout-flow\">\n<figure class=\"wp-block-gallery aligncenter has-nested-images columns-default is-cropped wp-block-gallery-2 is-layout-flex wp-block-gallery-is-layout-flex\"><\/figure>\n<\/div>\n\n\n\n<div class=\"wp-block-column is-vertically-aligned-center is-layout-flow wp-block-column-is-layout-flow\" style=\"flex-basis:200px\">\n<figure class=\"wp-block-gallery has-nested-images columns-default is-cropped wp-block-gallery-3 is-layout-flex wp-block-gallery-is-layout-flex\">\n<figure class=\"wp-block-image size-full\"><img loading=\"lazy\" decoding=\"async\" width=\"355\" height=\"142\" data-id=\"375\" src=\"http:\/\/syntcarbon.pl\/wp-content\/uploads\/2024\/01\/obraz_2024-01-31_011907821.png\" alt=\"\" class=\"wp-image-375\" srcset=\"https:\/\/syntcarbon.pl\/wp-content\/uploads\/2024\/01\/obraz_2024-01-31_011907821.png 355w, https:\/\/syntcarbon.pl\/wp-content\/uploads\/2024\/01\/obraz_2024-01-31_011907821-300x120.png 300w\" sizes=\"auto, (max-width: 355px) 100vw, 355px\" \/><\/figure>\n<\/figure>\n<\/div>\n<\/div>\n\n\n\n<h6 style=\"text-align: center;\"><em>Project is supported by funds of The National Centre for Research and Development<\/em><\/h6>\n<h6 style=\"text-align: center;\"><em>grant no. LIDER13\/0108\/2022<\/em><\/h6>\n<\/div><\/div>\n\n\n\n<div style=\"height:30px\" aria-hidden=\"true\" class=\"wp-block-spacer\"><\/div>\n\n\n\n<h2 class=\"wp-block-heading has-text-align-center\">Project title<\/h2>\n\n\n\n<p class=\"has-text-align-center has-medium-font-size\"><em>Development of a new generation of rocket engine nozzles made of a carbon-carbon composite material<\/em><\/p>\n\n\n\n<p class=\"has-text-align-center\"><em>Duration: 2023 &#8211; 2026<\/em><\/p>\n\n\n\n<div style=\"height:30px\" aria-hidden=\"true\" class=\"wp-block-spacer\"><\/div>\n\n\n\n<h2 class=\"wp-block-heading has-text-align-center\">Aim<\/h2>\n\n\n\n<p class=\"has-text-align-center\">The aim of the project is to develop a technology to produce carbon-carbon composite materials with carbon fiber reinforcement on the Polish market, and to develop a new generation of rocket engine nozzles made of it.<\/p>\n\n\n\n<div style=\"height:40px\" aria-hidden=\"true\" class=\"wp-block-spacer\"><\/div>\n\n\n\n<p><\/p>\n\n\n\n<div class=\"wp-block-group has-background\" style=\"background-color:#f6f6f6\"><div class=\"wp-block-group__inner-container is-layout-constrained wp-block-group-is-layout-constrained\">\n<div class=\"wp-block-columns is-layout-flex wp-container-core-columns-is-layout-9d6595d7 wp-block-columns-is-layout-flex\">\n<div class=\"wp-block-column is-layout-flow wp-block-column-is-layout-flow\">\n<p class=\"has-text-align-center\"><strong>The target group for the project results:<\/strong><\/p>\n\n\n\n<ul class=\"wp-block-list\">\n<li>Space and defense industry<\/li>\n\n\n\n<li>Industrial high temperature applications<\/li>\n<\/ul>\n<\/div>\n\n\n\n<div class=\"wp-block-column is-vertically-aligned-center is-layout-flow wp-block-column-is-layout-flow\">\n<p class=\"has-text-align-center\"><strong>Our material advantages:<\/strong><\/p>\n\n\n\n<ul class=\"wp-block-list\">\n<li>high resistance to high-temperature erosion,<\/li>\n\n\n\n<li>low weight,<\/li>\n\n\n\n<li>high mechanical strength<\/li>\n<\/ul>\n<\/div>\n<\/div>\n\n\n\n<div style=\"height:30px\" aria-hidden=\"true\" class=\"wp-block-spacer\"><\/div>\n\n\n\n<div class=\"wp-block-columns is-layout-flex wp-container-core-columns-is-layout-9d6595d7 wp-block-columns-is-layout-flex\">\n<div class=\"wp-block-column is-layout-flow wp-block-column-is-layout-flow\">\n<p class=\"has-text-align-center\"><strong>Methods of composites manufacture use in the project:<\/strong><\/p>\n\n\n\n<ul class=\"wp-block-list\">\n<li>pultrusion,<\/li>\n\n\n\n<li>vacuum infusion process (VIP),<\/li>\n\n\n\n<li>filament winding,<\/li>\n\n\n\n<li>liquid phase infiltration,<\/li>\n\n\n\n<li>chemical vapor infiltration technique (CVI).<\/li>\n<\/ul>\n<\/div>\n\n\n\n<div class=\"wp-block-column is-layout-flow wp-block-column-is-layout-flow\">\n<p class=\"has-text-align-center\"><strong>Lab equipment:<\/strong><\/p>\n\n\n\n<ul class=\"wp-block-list\">\n<li>Resins thermal analysis: TG,DSC, FTIR, STA, viscosity and other,<\/li>\n\n\n\n<li>Carbon fiber testing: XRD, Raman spectroscopy, mechanical testing and other,<\/li>\n\n\n\n<li>Composites analysis: microscopic testing, mechanical testing, electrical and thermal testing, and other.<\/li>\n\n\n\n<li>Composite manufacture: laboratory filament winder model X-Winder 4&#215;23, vacuum infusion set, furnaces for composites pyrolysis and high thermal treatment, chemical vapor infiltration (CVI) furnace,<\/li>\n<\/ul>\n<\/div>\n<\/div>\n<\/div><\/div>\n\n\n\n<div style=\"height:30px\" aria-hidden=\"true\" class=\"wp-block-spacer\"><\/div>\n\n\n\n<div class=\"wp-block-group\"><div class=\"wp-block-group__inner-container is-layout-constrained wp-block-group-is-layout-constrained\">\n<h4 class=\"wp-block-heading has-text-align-center\"><strong>Updates from lab<\/strong><\/h4>\n\n\n<div class=\"wp-block-image\">\n<figure class=\"aligncenter size-full is-resized\"><img loading=\"lazy\" decoding=\"async\" width=\"641\" height=\"457\" src=\"http:\/\/syntcarbon.pl\/wp-content\/uploads\/2024\/01\/maciek1.jpg\" alt=\"\" class=\"wp-image-412\" style=\"width:600px\" srcset=\"https:\/\/syntcarbon.pl\/wp-content\/uploads\/2024\/01\/maciek1.jpg 641w, https:\/\/syntcarbon.pl\/wp-content\/uploads\/2024\/01\/maciek1-300x214.jpg 300w\" sizes=\"auto, (max-width: 641px) 100vw, 641px\" \/><figcaption class=\"wp-element-caption\"><em>Our pultruded rods made of carbon fiber and phenolic resin<\/em><\/figcaption><\/figure>\n<\/div>\n\n\n<div class=\"wp-block-columns is-layout-flex wp-container-core-columns-is-layout-9d6595d7 wp-block-columns-is-layout-flex\">\n<div class=\"wp-block-column is-layout-flow wp-block-column-is-layout-flow\"><div class=\"wp-block-image\">\n<figure class=\"aligncenter size-full is-resized\"><img loading=\"lazy\" decoding=\"async\" width=\"647\" height=\"461\" src=\"http:\/\/syntcarbon.pl\/wp-content\/uploads\/2024\/01\/Obraz1.jpg\" alt=\"\" class=\"wp-image-415\" style=\"width:600px\" srcset=\"https:\/\/syntcarbon.pl\/wp-content\/uploads\/2024\/01\/Obraz1.jpg 647w, https:\/\/syntcarbon.pl\/wp-content\/uploads\/2024\/01\/Obraz1-300x214.jpg 300w\" sizes=\"auto, (max-width: 647px) 100vw, 647px\" \/><figcaption class=\"wp-element-caption\"><em>Carbon-carbon composite after bending strength test<\/em><\/figcaption><\/figure>\n<\/div><\/div>\n<\/div>\n\n\n<div class=\"wp-block-image\">\n<figure class=\"aligncenter size-medium is-resized\"><img loading=\"lazy\" decoding=\"async\" width=\"300\" height=\"108\" src=\"https:\/\/syntcarbon.pl\/wp-content\/uploads\/2025\/06\/rocket-engine-nozzle-1-300x108.png\" alt=\"\" class=\"wp-image-576\" style=\"width:auto;height:300px\" srcset=\"https:\/\/syntcarbon.pl\/wp-content\/uploads\/2025\/06\/rocket-engine-nozzle-1-300x108.png 300w, https:\/\/syntcarbon.pl\/wp-content\/uploads\/2025\/06\/rocket-engine-nozzle-1.png 658w\" sizes=\"auto, (max-width: 300px) 100vw, 300px\" \/><figcaption class=\"wp-element-caption\"><em>Hybrid rocket engine nozzle made of carbon-carbon composite<\/em><\/figcaption><\/figure>\n<\/div>\n\n\n<h4 class=\"wp-block-heading has-text-align-center\"><strong>Dissemination of project results<\/strong><\/h4>\n<\/div><\/div>\n\n\n\n<div style=\"height:30px\" aria-hidden=\"true\" class=\"wp-block-spacer\"><\/div>\n\n\n\n<div class=\"wp-block-columns is-layout-flex wp-container-core-columns-is-layout-9d6595d7 wp-block-columns-is-layout-flex\">\n<div class=\"wp-block-column is-vertically-aligned-center has-background is-layout-flow wp-block-column-is-layout-flow\" style=\"background-color:#f9fafa\">\n<h5 class=\"wp-block-heading alignwide has-text-align-center\"> Publications<\/h5>\n\n\n\n<div class=\"wp-block-columns has-medium-font-size is-layout-flex wp-container-core-columns-is-layout-9d6595d7 wp-block-columns-is-layout-flex\">\n<div class=\"wp-block-column is-layout-flow wp-block-column-is-layout-flow\" style=\"flex-basis:100%\">\n<ol class=\"wp-block-list\">\n<li style=\"font-size:14px\"> Maciej Gubernat, <em>W\u0118GIEL I RAKIETY<\/em>, <strong>Przegl\u0105d Techniczny<\/strong>, <br> ISSN 0137-8783, e-ISSN 1689-1724, maj 2023, s. 26\u201327.<br><\/li>\n\n\n\n<li style=\"font-size:14px\"> Collaboration between SpaceForest and AGH University: Development of CFRC composite technologies, <br> 21.10.2024, <br><a href=\"https:\/\/spaceforest.pl\/collaboration-between-spaceforest-and-agh-university-development-of-cfrc-composite-technologies\/\" target=\"_blank\">https:\/\/spaceforest.pl\/collaboration-between-spaceforest-and-agh-university-development-of-cfrc-composite-technologies\/<\/a><br><\/li>\n\n\n\n<li style=\"font-size:14px\"> Maciej GUBERNAT, Piotr SZATKOWSKI, Ryszard WIELOWSKI, Martyna SZATKOWSKA, Angelika KMITA, <br> Wojciech PIEKARCZYK, Aneta FR\u0104CZEK-SZCZYPTA. <br> Comparative study of cross-linking processes of selected commercial resole-type phenol-formaldehyde resins <br> as matrix precursors for a pultruded carbon fiber-phenolic based composite. <br> <em>AIP Advances<\/em> 15 (2025) 045036-1\u2013045036-15.<\/li>\n<\/ol>\n<\/div>\n<\/div>\n<\/div>\n<\/div>\n\n\n\n<div class=\"wp-block-columns is-layout-flex wp-container-core-columns-is-layout-9d6595d7 wp-block-columns-is-layout-flex\">\n<div class=\"wp-block-column has-background is-layout-flow wp-block-column-is-layout-flow\" style=\"background-color:#f9fafa\">\n<h5 class=\"wp-block-heading alignwide has-text-align-center\">Conferences<\/h5>\n\n\n\n<ol class=\"wp-block-list\">\n<li>M. ZAMBRZYCKI, M. GUBERNAT, R. WIELOWSKI, W. PIEKARCZYK, A.FR\u0104CZEK-SZCZYPTA, Carbon-carbon composite rocket motor nozzles prepared by filament winding method, Copernican revolution in carbon science : the 11th Torunian carbon symposium : 15-18.09.2024, Toru\u0144, Poland, referat, https:\/\/carbonsymposium.pl\/Book.pdf [2024-09-20]<\/li>\n\n\n\n<li>M.GUBERNAT, R.WIELOWSKI, P.SZATKOWSKI, M.SZATKOWSKA, A.KMITA, P.JELE\u0143, A.BENKO, M.ZAMBRZYCKI, W.PIEKARCZYK, A.FR\u0104CZEK-SZCZYPTA, Study of the suitability of selected phenol formaldehyde resins as precursors of carbon-carbon composite matrices, Copernican revolution in carbon science : the 11th Torunian carbon symposium : 15-18.09.2024, Toru\u0144, Poland, referat, https:\/\/carbonsymposium.pl\/Book.pdf [2024-09-20]<\/li>\n\n\n\n<li>R. WIELOWSKI, P. CZAJA, W.PIEKARCZYK, M.GUBERNAT, A. FR\u0104CZEK-SZCZYPTA, Study of the graphitization trajectory of low- and medium-textured pyrolytic carbons under additional heat treatment, Copernican revolution in carbon science : the 11th Torunian carbon symposium : 15-18.09.2024, Toru\u0144, Poland, referat, https:\/\/carbonsymposium.pl\/Book.pdf [2024-09-20]<\/li>\n\n\n\n<li>R.WIELOWSKI, J. STOJECKI, M.SZATKOWSKA, P.SZATKOWSKI, M.GUBERNAT, Research on pultrusion as a method for obtaining carbon fiber reinforced rods in carbon-carbon composites, Copernican revolution in carbon science : the 11th Torunian carbon symposium : 15-18.09.2024, Toru\u0144, Poland, plakat, https:\/\/carbonsymposium.pl\/Book.pdf [2024-09-20]<\/li>\n\n\n\n<li>M. ZAMBRZYCKI, M. GUBERNAT, R. WIELOWSKI, W. PIEKARCZYK, A.FR\u0104CZEK-SZCZYPTA, Preparation of 3D carbon fibre reinforced carbon composites for rocket motor nozzles, Copernican revolution in carbon science : the 11th Torunian carbon symposium : 15-18.09.2024, Toru\u0144, Poland, plakat, https:\/\/carbonsymposium.pl\/Book.pdf [2024-09-20]<\/li>\n\n\n\n<li>M.GUBERNAT, R.WIELOWSKI, M. ZAMBRZYCKI, A.FR\u0104CZEK-SZCZYPTA, Study of the oxidative thermal stabilization process of hard coal tar pitch for carbon-carbon composites matrix precursor, Copernican revolution in carbon symposium : 15-18.09.2024, Toru\u0144, Poland, plakat, https:\/\/carbonsymposium.pl\/Book.pdf [2024-09-20]<\/li>\n<\/ol>\n<\/div>\n<\/div>\n\n\n\n<div class=\"wp-block-group has-background\" style=\"background-color:#f9fafa\"><div class=\"wp-block-group__inner-container is-layout-constrained wp-block-group-is-layout-constrained\">\n<h5 class=\"wp-block-heading alignwide has-text-align-center\"> information about project in media<\/h5>\n\n\n\n<p class=\"has-text-align-center\">Maciej Gubernat. Jak uchroni\u0107 dysz\u0119 silnika rakietowego przed erozj\u0105? Naukowcy z AGH chc\u0105 wykorzysta\u0107 CFRC opublikowany 30.03.2023 na stronie g\u0142\u00f3wnej AGH Krak\u00f3w <a href=\"https:\/\/www.agh.edu.pl\/studenci\/aktualnosci\/detail\/jak-uchronic-dysze-silnika-rakietowego-przed-erozja-naukowcy-z-agh-chca-wykorzystac-cfrc\" data-type=\"link\" data-id=\"https:\/\/www.agh.edu.pl\/studenci\/aktualnosci\/detail\/jak-uchronic-dysze-silnika-rakietowego-przed-erozja-naukowcy-z-agh-chca-wykorzystac-cfrc\">https:\/\/www.agh.edu.pl\/studenci\/aktualnosci\/detail\/jak-uchronic-dysze-silnika-rakietowego-przed-erozja-naukowcy-z-agh-chca-wykorzystac-cfrc<\/a><\/p>\n\n\n\n<p class=\"has-text-align-center\"><strong>AGH website<\/strong><\/p>\n\n\n\n<p class=\"has-text-align-center\"><a href=\"https:\/\/www.agh.edu.pl\/studenci\/aktualnosci\/detail\/liderzy-z-agh\" target=\"_blank\" rel=\"noreferrer noopener\">https:\/\/www.agh.edu.pl\/studenci\/aktualnosci\/detail\/liderzy-z-agh<\/a><\/p>\n\n\n\n<p class=\"has-text-align-center\"><a href=\"https:\/\/www.agh.edu.pl\/aktualnosci\/detail\/podsumowanie-xiii-edycji-programu-lider\" target=\"_blank\" rel=\"noreferrer noopener\">https:\/\/www.agh.edu.pl\/aktualnosci\/detail\/podsumowanie-xiii-edycji-programu-lider<\/a><\/p>\n\n\n\n<p class=\"has-text-align-center\"><strong>Facebook<\/strong><\/p>\n\n\n\n<p class=\"has-text-align-center\"><a href=\"https:\/\/www.facebook.com\/kbikwimic\/posts\/pfbid0mWUXVgyr3iMpvKzEK267Jxnrt5wfB9bfi9EPGVGp3Jzk4ixPEm8V3zvAAuZrbTpKl\">https:\/\/www.facebook.com\/kbikwimic\/posts\/pfbid0mWUXVgyr3iMpvKzEK267Jxnrt5wfB9bfi9EPGVGp3Jzk4ixPEm8V3zvAAuZrbTpKl<\/a><\/p>\n\n\n\n<p class=\"has-text-align-center\"><a href=\"https:\/\/www.facebook.com\/kbikwimic\/posts\/pfbid02okm9iFUpAESS4eoHTcE8G6zqZB42HgRqzJJa6ophZqKPrsCG6hkM5cMwWpSW6FY8l\">https:\/\/www.facebook.com\/kbikwimic\/posts\/pfbid02okm9iFUpAESS4eoHTcE8G6zqZB42HgRqzJJa6ophZqKPrsCG6hkM5cMwWpSW6FY8l<\/a><\/p>\n\n\n\n<p class=\"has-text-align-center\"><a href=\"https:\/\/www.facebook.com\/imic.agh\/posts\/pfbid02w5NU4DtZfKU2v6vKFzze2nirLgck5yUeMo4ob1GuyD6AB5RntEcZxMqG4MSLc8iol\">https:\/\/www.facebook.com\/imic.agh\/posts\/pfbid02w5NU4DtZfKU2v6vKFzze2nirLgck5yUeMo4ob1GuyD6AB5RntEcZxMqG4MSLc8iol<\/a><\/p>\n<\/div><\/div>\n\n\n\n<div style=\"height:30px\" aria-hidden=\"true\" class=\"wp-block-spacer\"><\/div>\n\n\n\n<div class=\"wp-block-columns has-background is-layout-flex wp-container-core-columns-is-layout-9d6595d7 wp-block-columns-is-layout-flex\" style=\"background-color:#f6f6f6\">\n<div class=\"wp-block-column is-layout-flow wp-block-column-is-layout-flow\">\n<p class=\"has-text-align-center\"><strong>Project Partners<\/strong><\/p>\n\n\n\n<div class=\"wp-block-media-text is-stacked-on-mobile is-vertically-aligned-center\" style=\"grid-template-columns:27% auto\"><figure class=\"wp-block-media-text__media\"><a href=\"https:\/\/www.newcompositesolutions.com\/\"><img loading=\"lazy\" decoding=\"async\" width=\"218\" height=\"78\" src=\"http:\/\/syntcarbon.pl\/wp-content\/uploads\/2024\/01\/ncs-logo-white2.png\" alt=\"\" class=\"wp-image-404 size-full\"\/><\/a><\/figure><div class=\"wp-block-media-text__content\">\n<p><a href=\"http:\/\/\u2022\tNew Composite solutions sp. z o.o.\">New Composite solutions sp. z o.o.<\/a><\/p>\n<\/div><\/div>\n\n\n\n<div style=\"height:0px\" aria-hidden=\"true\" class=\"wp-block-spacer\"><\/div>\n\n\n\n<div class=\"wp-block-media-text alignwide is-stacked-on-mobile is-vertically-aligned-center\" style=\"grid-template-columns:22% auto\"><figure class=\"wp-block-media-text__media\"><a href=\"https:\/\/spaceforest.pl\/\"><img loading=\"lazy\" decoding=\"async\" width=\"448\" height=\"258\" src=\"http:\/\/syntcarbon.pl\/wp-content\/uploads\/2023\/04\/SF_logo_standard_png_transparent-1.png\" alt=\"\" class=\"wp-image-93 size-full\" srcset=\"https:\/\/syntcarbon.pl\/wp-content\/uploads\/2023\/04\/SF_logo_standard_png_transparent-1.png 448w, https:\/\/syntcarbon.pl\/wp-content\/uploads\/2023\/04\/SF_logo_standard_png_transparent-1-300x173.png 300w\" sizes=\"auto, (max-width: 448px) 100vw, 448px\" \/><\/a><\/figure><div class=\"wp-block-media-text__content\">\n<p class=\"has-text-align-center\"><a href=\"https:\/\/spaceforest.pl\/\" data-type=\"link\" data-id=\"https:\/\/spaceforest.pl\/\">SpaceForest sp. z o.o.<\/a><\/p>\n<\/div><\/div>\n\n\n\n<div class=\"wp-block-media-text alignwide is-stacked-on-mobile is-vertically-aligned-center\" style=\"grid-template-columns:22% auto\"><figure class=\"wp-block-media-text__media\"><a href=\"https:\/\/spaceforest.pl\/\"><img loading=\"lazy\" decoding=\"async\" width=\"1024\" height=\"468\" src=\"https:\/\/syntcarbon.pl\/wp-content\/uploads\/2025\/06\/Logo-LERG-scaled-2-1024x468.jpg\" alt=\"\" class=\"wp-image-569 size-full\" srcset=\"https:\/\/syntcarbon.pl\/wp-content\/uploads\/2025\/06\/Logo-LERG-scaled-2-1024x468.jpg 1024w, https:\/\/syntcarbon.pl\/wp-content\/uploads\/2025\/06\/Logo-LERG-scaled-2-300x137.jpg 300w, https:\/\/syntcarbon.pl\/wp-content\/uploads\/2025\/06\/Logo-LERG-scaled-2-768x351.jpg 768w, https:\/\/syntcarbon.pl\/wp-content\/uploads\/2025\/06\/Logo-LERG-scaled-2-1536x701.jpg 1536w, https:\/\/syntcarbon.pl\/wp-content\/uploads\/2025\/06\/Logo-LERG-scaled-2-2048x935.jpg 2048w\" sizes=\"auto, (max-width: 1024px) 100vw, 1024px\" \/><\/a><\/figure><div class=\"wp-block-media-text__content\">\n<p class=\"has-text-align-center\"><a href=\"https:\/\/www.lerg.pl\/\" data-type=\"link\" data-id=\"https:\/\/www.lerg.pl\/\" target=\"_blank\" rel=\"noreferrer noopener\">LERG S.A.<\/a><\/p>\n<\/div><\/div>\n\n\n\n<div class=\"wp-block-media-text alignwide is-stacked-on-mobile is-vertically-aligned-center\" style=\"grid-template-columns:22% auto\"><figure class=\"wp-block-media-text__media\"><a href=\"https:\/\/spaceforest.pl\/\"><img loading=\"lazy\" decoding=\"async\" width=\"360\" height=\"120\" src=\"https:\/\/syntcarbon.pl\/wp-content\/uploads\/2025\/06\/noma_resins_2x.png\" alt=\"\" class=\"wp-image-570 size-full\" srcset=\"https:\/\/syntcarbon.pl\/wp-content\/uploads\/2025\/06\/noma_resins_2x.png 360w, https:\/\/syntcarbon.pl\/wp-content\/uploads\/2025\/06\/noma_resins_2x-300x100.png 300w\" sizes=\"auto, (max-width: 360px) 100vw, 360px\" \/><\/a><\/figure><div class=\"wp-block-media-text__content\">\n<p class=\"has-text-align-center\"><a href=\"https:\/\/noma.com.pl\/\" data-type=\"link\" data-id=\"https:\/\/www.lerg.pl\/\" target=\"_blank\" rel=\"noreferrer noopener\">NOMA Resins sp. z o.o.<\/a><\/p>\n<\/div><\/div>\n<\/div>\n\n\n\n<div class=\"wp-block-column is-vertically-aligned-center is-layout-flow wp-block-column-is-layout-flow\">\n<p class=\"has-text-align-center\"><strong><strong>Please contact us<\/strong><\/strong><\/p>\n\n\n\n<p style=\"text-align: center;\">PhD Maciej Gubernat<!--more--><\/p>\n<p style=\"text-align: center;\">Email: <a href=\"mailto:Maciej.Gubernat@agh.edu.pl\">Maciej.Gubernat@agh.edu.pl<\/a><\/p>\n<p style=\"text-align: center;\">Phone: 0048 12\u00a0617 24 98<\/p>\n<p style=\"text-align: center;\">Av. Mickiewicza 30, building HB6, gate 6<\/p>\n<p style=\"text-align: center;\">30-059 Krakow, Poland<\/p>\n<\/div>\n<\/div>\n\n\n\n<div style=\"height:30px\" aria-hidden=\"true\" class=\"wp-block-spacer\"><\/div>\n\n\n\n<p><\/p>\n","protected":false},"excerpt":{"rendered":"<p>Project is supported by funds of The National Centre for Research and Development grant no. LIDER13\/0108\/2022 Project title Development of a new generation of rocket engine nozzles made of a &#8230;<\/p>\n","protected":false},"author":1,"featured_media":0,"parent":0,"menu_order":0,"comment_status":"closed","ping_status":"closed","template":"","meta":{"footnotes":""},"class_list":["post-238","page","type-page","status-publish","hentry"],"_links":{"self":[{"href":"https:\/\/syntcarbon.pl\/index.php\/wp-json\/wp\/v2\/pages\/238","targetHints":{"allow":["GET"]}}],"collection":[{"href":"https:\/\/syntcarbon.pl\/index.php\/wp-json\/wp\/v2\/pages"}],"about":[{"href":"https:\/\/syntcarbon.pl\/index.php\/wp-json\/wp\/v2\/types\/page"}],"author":[{"embeddable":true,"href":"https:\/\/syntcarbon.pl\/index.php\/wp-json\/wp\/v2\/users\/1"}],"replies":[{"embeddable":true,"href":"https:\/\/syntcarbon.pl\/index.php\/wp-json\/wp\/v2\/comments?post=238"}],"version-history":[{"count":45,"href":"https:\/\/syntcarbon.pl\/index.php\/wp-json\/wp\/v2\/pages\/238\/revisions"}],"predecessor-version":[{"id":586,"href":"https:\/\/syntcarbon.pl\/index.php\/wp-json\/wp\/v2\/pages\/238\/revisions\/586"}],"wp:attachment":[{"href":"https:\/\/syntcarbon.pl\/index.php\/wp-json\/wp\/v2\/media?parent=238"}],"curies":[{"name":"wp","href":"https:\/\/api.w.org\/{rel}","templated":true}]}}