{"id":494,"date":"2024-03-09T00:04:49","date_gmt":"2024-03-09T00:04:49","guid":{"rendered":"https:\/\/syntcarbon.pl\/?page_id=494"},"modified":"2026-01-26T13:27:29","modified_gmt":"2026-01-26T13:27:29","slug":"opus-20-fraczek-szczypta","status":"publish","type":"page","link":"https:\/\/syntcarbon.pl\/index.php\/opus-20-fraczek-szczypta\/","title":{"rendered":"OPUS 20 &#8211; Fraczek-Szczypta"},"content":{"rendered":"\n<div style=\"height:20px\" aria-hidden=\"true\" class=\"wp-block-spacer\"><\/div>\n\n\n\n<div class=\"wp-block-group has-white-background-color has-background\"><div class=\"wp-block-group__inner-container is-layout-constrained wp-block-group-is-layout-constrained\">\n<div class=\"wp-block-columns is-layout-flex wp-container-core-columns-is-layout-9d6595d7 wp-block-columns-is-layout-flex\">\n<div class=\"wp-block-column is-vertically-aligned-top is-layout-flow wp-block-column-is-layout-flow\">\n<figure class=\"wp-block-gallery has-nested-images columns-default is-cropped wp-block-gallery-1 is-layout-flex wp-block-gallery-is-layout-flex\"><div class=\"wp-block-image\">\n<figure class=\"alignright size-full\"><img loading=\"lazy\" decoding=\"async\" width=\"299\" height=\"168\" data-id=\"380\" src=\"https:\/\/syntcarbon.pl\/wp-content\/uploads\/2024\/01\/images-1.png\" alt=\"\" class=\"wp-image-380\"\/><\/figure>\n<\/div><\/figure>\n<\/div>\n\n\n\n<div class=\"wp-block-column is-vertically-aligned-center is-layout-flow wp-block-column-is-layout-flow\">\n<figure class=\"wp-block-gallery aligncenter has-nested-images columns-default is-cropped wp-block-gallery-2 is-layout-flex wp-block-gallery-is-layout-flex\"><\/figure>\n<\/div>\n\n\n\n<div class=\"wp-block-column is-vertically-aligned-center is-layout-flow wp-block-column-is-layout-flow\" style=\"flex-basis:200px\">\n<figure class=\"wp-block-gallery has-nested-images columns-default is-cropped wp-block-gallery-3 is-layout-flex wp-block-gallery-is-layout-flex\">\n<figure class=\"wp-block-image size-large\"><img loading=\"lazy\" decoding=\"async\" width=\"1024\" height=\"432\" data-id=\"497\" src=\"https:\/\/syntcarbon.pl\/wp-content\/uploads\/2024\/03\/NCN-1024x432.jpg\" alt=\"\" class=\"wp-image-497\" srcset=\"https:\/\/syntcarbon.pl\/wp-content\/uploads\/2024\/03\/NCN-1024x432.jpg 1024w, https:\/\/syntcarbon.pl\/wp-content\/uploads\/2024\/03\/NCN-300x127.jpg 300w, https:\/\/syntcarbon.pl\/wp-content\/uploads\/2024\/03\/NCN-768x324.jpg 768w, https:\/\/syntcarbon.pl\/wp-content\/uploads\/2024\/03\/NCN.jpg 1328w\" sizes=\"auto, (max-width: 1024px) 100vw, 1024px\" \/><\/figure>\n<\/figure>\n<\/div>\n<\/div>\n\n\n\n<h6 style=\"text-align: center;\"><em>Project is supported by funds of The National Science Centre <\/em><em>no. <\/em>UMO-2020\/39\/B\/ST5\/02126<\/h6>\n<\/div><\/div>\n\n\n\n<div style=\"height:30px\" aria-hidden=\"true\" class=\"wp-block-spacer\"><\/div>\n\n\n\n<h2 class=\"wp-block-heading has-text-align-center\">Project title<\/h2>\n\n\n\n<p class=\"has-text-align-center has-medium-font-size\"><em>Hybrid carbon composites for stimulation of cells of the central nervous system<\/em><\/p>\n\n\n\n<p class=\"has-text-align-center\"><em>Duration: 2021 &#8211; 2025<\/em><\/p>\n\n\n\n<div style=\"height:30px\" aria-hidden=\"true\" class=\"wp-block-spacer\"><\/div>\n\n\n\n<h2 class=\"wp-block-heading has-text-align-center\">Aim<\/h2>\n\n\n\n<p class=\"has-text-align-center\">The main aim of this project is research on the development of a new generation of carbon-based hybrid composite electrodes for stimulation of nerve cells within the central nervous system (CNS). The hybrid composite materials consisting of carbon fibers (CF) and CVD- derived pyrolytic carbon as a matrix will be used to obtain miniaturized electrodes in the form of rods for in vitro examination. In addition, the electrodes will be covered with a layer composed of carbon nanotubes (CNTs).<\/p>\n\n\n\n<div style=\"height:31px\" aria-hidden=\"true\" class=\"wp-block-spacer\"><\/div>\n\n\n<h6 style=\"text-align: center;\"><em>FOR MORE DETAILS ABOUT RESULTS, CLICK ON THE IMAGE BELOW (PDF FILE OPENS IN A NEW WINDOW)<\/em><\/h6>\n\n\n<div class=\"wp-block-columns is-layout-flex wp-container-core-columns-is-layout-9d6595d7 wp-block-columns-is-layout-flex\">\n<div class=\"wp-block-column is-layout-flow wp-block-column-is-layout-flow\" style=\"flex-basis:30000px\">\n<figure class=\"wp-block-image size-large\"><a href=\"http:\/\/syntcarbon.pl\/wp-content\/uploads\/2024\/03\/Carbon-2023B-2.pdf\"><img loading=\"lazy\" decoding=\"async\" width=\"1024\" height=\"576\" src=\"http:\/\/syntcarbon.pl\/wp-content\/uploads\/2024\/03\/Carbon-2023B-1-1024x576.png\" alt=\"\" class=\"wp-image-529\" srcset=\"https:\/\/syntcarbon.pl\/wp-content\/uploads\/2024\/03\/Carbon-2023B-1-1024x576.png 1024w, https:\/\/syntcarbon.pl\/wp-content\/uploads\/2024\/03\/Carbon-2023B-1-300x169.png 300w, https:\/\/syntcarbon.pl\/wp-content\/uploads\/2024\/03\/Carbon-2023B-1-768x432.png 768w, https:\/\/syntcarbon.pl\/wp-content\/uploads\/2024\/03\/Carbon-2023B-1.png 1280w\" sizes=\"auto, (max-width: 1024px) 100vw, 1024px\" \/><\/a><\/figure>\n<\/div>\n<\/div>\n\n\n\n<div style=\"height:0px\" aria-hidden=\"true\" class=\"wp-block-spacer\"><\/div>\n\n\n\n<div style=\"height:31px\" aria-hidden=\"true\" class=\"wp-block-spacer\"><\/div>\n\n\n<p style=\"text-align: center;\"><strong>Specific research objectives <\/strong><\/p>\n<ol>\n<li>Selection of carbon fibers and their characterization<\/li>\n<li>Preparation and characterization of C\/C composites<\/li>\n<li>Preparation of carbon hybrid composites and their characterization<\/li>\n<li><em>In vitro<\/em> screening tests of hybrid composites using neuroblastoma cells<\/li>\n<li>Surface modification of carbon hybrid composites and their characterization<\/li>\n<li>In vitro study of biological properties of carbon hybrid composites using primary mesencephalic neuronglia cultures<\/li>\n<\/ol>\n\n\n<div class=\"wp-block-group\"><div class=\"wp-block-group__inner-container is-layout-constrained wp-block-group-is-layout-constrained\">\n<div style=\"height:30px\" aria-hidden=\"true\" class=\"wp-block-spacer\"><\/div>\n\n\n\n<h4 class=\"wp-block-heading has-text-align-center\"><strong>Dissemination of project results<\/strong><\/h4>\n\n\n\n<div style=\"height:30px\" aria-hidden=\"true\" class=\"wp-block-spacer\"><\/div>\n<\/div><\/div>\n\n\n\n<div class=\"wp-block-columns is-layout-flex wp-container-core-columns-is-layout-9d6595d7 wp-block-columns-is-layout-flex\">\n<div class=\"wp-block-column is-vertically-aligned-center has-background is-layout-flow wp-block-column-is-layout-flow\" style=\"background-color:#f9fafa\">\n<h5 class=\"wp-block-heading alignwide has-text-align-center\"> Publications<\/h5>\n\n\n\n<ol class=\"wp-block-list\">\n<li>Fraczek-Szczypta, A.; Kondracka, N.; Zambrzycki, M.; Gubernat, M.; Czaja, P.; Pawlyta, M.; Jelen, P.; Wielowski, R.; Jantas, D. Exploring CVD Method for Synthesizing Carbon\u2013Carbon Composites as Materials to Contact with Nerve Tissue. J. Funct. Biomater. 2023, 14, 443. <a href=\"https:\/\/doi.org\/10.3390\/jfb14090443\">https:\/\/doi.org\/10.3390\/jfb14090443<\/a><\/li>\n\n\n\n<li>Wielowski R.; Czaja P.; Piekarczyk W.; Zambrzycki M.;  Gubernat M.; Fr\u0105czek-Szczypta A. Study on heat-treated pyrolytic carbon deposited from methane on directly heated carbon fibres.&nbsp;Diamond and Related Materials&nbsp;146 (2024)&nbsp;1-13. <a href=\"https:\/\/doi.org\/10.1016\/j.diamond.2024.111214\">https:\/\/doi.org\/10.1016\/j.diamond.2024.111214<\/a><\/li>\n\n\n\n<li>Zambrzycki M., Wielowski R., Gubernat M., Jantas D., Paczosa-Bator B., Fraczek-Szczypta A. The impact of chemical functionalization of carbon nanotubes on the electrochemical performance of carbon fiber\/pyrocarbon\/carbon nanotube composites as potential materials for electrodes for nerve cell stimulation. Applied Surface Science 670 (2024) 1\u201314.&nbsp;<a href=\"https:\/\/doi.org\/10.1016\/j.apsusc.2024.160713\">https:\/\/doi.org\/10.1016\/j.apsusc.2024.160713<\/a><\/li>\n\n\n\n<li>Zambrzycki M., Wielowski R., Soko\u0142owski K., Gubernat M., Chmielarz P., Maziarz K., Jantas D., Piech R., Fraczek-Szczypta A. Carbon-based composite rod as a potential electrode for stimulation of neural tissue: electrochemical, biological, and stability evaluation. Chemical Engineering Journal 526 (2025) 1\u201314.\u00a0<a href=\"https:\/\/doi.org\/10.1016\/j.cej.2025.171108\">https:\/\/doi.org\/10.1016\/j.cej.2025.171108<\/a><\/li>\n<\/ol>\n<\/div>\n<\/div>\n\n\n\n<div class=\"wp-block-columns is-layout-flex wp-container-core-columns-is-layout-9d6595d7 wp-block-columns-is-layout-flex\">\n<div class=\"wp-block-column has-background is-layout-flow wp-block-column-is-layout-flow\" style=\"background-color:#f9fafa\">\n<h5 class=\"wp-block-heading alignwide has-text-align-center\">ConferenceS<\/h5>\n\n\n\n<ol class=\"wp-block-list\">\n<li><strong><em>Design and experimental verification of a system for stimulating nervous tissue cells in vitro. <\/em><\/strong>A. Fr\u0105czek-Szczypta, R. Wielowski, M. G\u0142owacki, A. Benko, D. Jantas<strong>. Carbon 2025: Saint-Malo, France, June 29th\u2013July 4<sup>th<\/sup>\u2013 <strong>oral presentation<\/strong>.<\/strong><\/li>\n\n\n\n<li><strong><em>The pyrolytic carbon and functionalized carbon nanotubes in prospective electrode materials for brain stimulation therapy in neurodegenerative diseases: assessing their durability in simulated conditions. <\/em><\/strong>R. Wielowski, M. Zambrzycki, K. Soko\u0142owski, A. Czuk, K. Gry\u0144, M. Gubernat, A. Fr\u0105czek-Szczypta<strong>. Carbon\u00a02025: Saint-Malo, France, June 29th\u2013July 4<sup>th<\/sup> &#8211; <strong>oral presentation<\/strong>.<\/strong><\/li>\n\n\n\n<li><strong>Evaluation of the functional properties of carbon-carbon composites as potential electrode materials for Deep Brain Stimulation. <\/strong>A. Czuk, R. Wielowski, K. Gry\u0144, A. Fr\u0105czek-Szczypta.<strong> CEBC: 6th\u00a0Central European Biomedical Congress: Krak\u00f3w, Poland, July 22\u201324, 2025 \u00a0 &#8211; <strong>oral presentation<\/strong><\/strong>.<\/li>\n\n\n\n<li><strong><em>Hybrid carbon composites as materials that can stimulate neural tissue: comparison of pyrolytic carbon and functionalized carbon nanotubes in a\u00a0simulated environment.<\/em> <\/strong>R. Wielowski, M. Zambrzycki, A. Czuk, A. Benko, P. Chmielarz, K. Maziarz, D. Jantas, A. Fr\u0105czek-Szczypta. <strong>CEBC: 6th\u00a0Central European Biomedical Congress: Krak\u00f3w, Poland, July 22\u201324, 2025\u00a0 &#8211; <strong>oral presentation<\/strong><\/strong><\/li>\n\n\n\n<li><strong>The effect of hybride carbon composites in mesencephalic cell culture. <\/strong>D. Jantas, P. Chmielarz, K. Maziarz, R. Wielowski, A. Fr\u0105czek-Szczypta. <strong>FENS Regional Meeting 2025, Oslo, Norway, 16-19 June 2025<\/strong> \u2013 <strong>poster<\/strong><\/li>\n\n\n\n<li><em><strong>Study of the graphitization trajectory of low- and medium-textured pyrolytic carbons under additional heat treatment.<\/strong><\/em>&nbsp;Ryszard WIELOWSKI, Pawe\u0142 Czaja, Wojciech PIEKARCZYK, Maciej GUBERNAT, Aneta FR\u0104CZEK-SZCZYPTA.&nbsp;<strong>TCS 2024: Copernican Revolution in Carbon Science : The 11th Torunian Carbon Symposium: 15-18.09.2024, Toru\u0144, Poland \u2013 oral presentation<\/strong><\/li>\n\n\n\n<li><strong><em>Nanomateria\u0142y w\u0119glowe w regeneracji i stymulacji kom\u00f3rek tkanki nerwowej<\/em><\/strong><em>.<\/em> Ryszard WIELOWSKI, Marcel ZAMBRZYCKI, Danuta JANTAS, Aneta FR\u0104CZEK-SZCZYPTA. <strong>Nano(&amp;)BioMateria\u0142y \u2013 od teorii do aplikacji<\/strong>, <strong>12-14 czerwca 2024, Toru\u0144 &#8211; oral presentation<\/strong><\/li>\n\n\n\n<li><em><strong>Carbon-carbon composites based on carbon fibers and pyrolytic carbon as a potential electrodes for nerve cells stimulation<\/strong><\/em><strong>. <\/strong>Aneta FR\u0104CZEK-SZCZYPTA, Ryszard WIELOWSKI, Marcel ZAMBRZYCKI, Maciej GUBERNAT, Danuta Jantas. <strong>Carbon 2023: The World Conference on Carbon: renewing the world through carbon: July 16th-21st, 2023, Cancun, Mexic\u00f6<\/strong> &#8211; <strong>keynote lecturer<\/strong><\/li>\n\n\n\n<li><em><strong>Carbon-carbon composites as potential electrode materials for the treatment of neurodegenerative diseases \u2013 optimization of their preparation process<\/strong><\/em><strong>. <\/strong>Ryszard WIELOWSKI, Marta Kami\u0144ska, Marcelina Koziej, Marcel ZAMBRZYCKI, Maciej GUBERNAT, Aneta FR\u0104CZEK-SZCZYPTA. <strong>CESEP 2023: 9th International Conference on Carbon for Energy Storage and Environment Protection: 24-28 September, 2023, Budapest, Hungary<\/strong> \u2013 <strong>oral presentation<\/strong><\/li>\n\n\n\n<li><strong><em>Carbon materials in nerve tissue stimulation and regeneration.<\/em><\/strong> Aneta FR\u0104CZEK-SZCZYPTA, Maciej GUBERNAT, Danuta Jantas. <strong>Carbon 2022: Carbon for a Cleaner Future: The World Conference on Carbon: 3\u20138 July 2022, London<\/strong>. S. [1\u20132] IS C2022-230, <a href=\"https:\/\/syntcarbon.pl\/?page_id=500\">&nbsp;https:\/\/carbon2022.org\/<\/a> [2022-07-27] \u2013 <strong>oral presentation<\/strong><\/li>\n\n\n\n<li><em><strong>Kompozyty typu w\u0119giel-w\u0119giel jako potencjalne elektrody do stymulacji tkanki nerwowej &#8211; otrzymywanie i wst\u0119pne wyniki bada\u0144<\/strong><\/em><strong>.<\/strong> Monika Pta\u015b, Natalia Kondracka, Ryszard WIELOWSKI, Marcel ZAMBRZYCKI, Danuta Jantas, Maciej GUBERNAT, Aneta FR\u0104CZEK-SZCZYPTA: Materia\u0142y w\u0119glowe i kompozyty polimerowe: nauka \u2013 przemys\u0142&#8217; 2022: <strong>XIV Konferencja Naukowo-Techniczna: 18\u201321 pa\u017adziernika 2022, Ustro\u0144\u2013Jaszowiec<\/strong>, e-ISBN: 978-83-63555-63-4. \u2014 S. 32 \u2013 <strong>oral presentation<\/strong><\/li>\n\n\n\n<li><em><strong>Carbon-carbon composites in a pyrolytic carbon matrix \u2013 optimization of the production process and preliminary assessment of their selected properties<\/strong><\/em>. Monika Pta\u015b, Danuta Jantas, Aneta FR\u0104CZEK-SZCZYPTA. <strong>Biomaterials in Medicine and Veterinary Medicine: 31st Annual Conference: 13\u201316 October 2022 Rytro<\/strong>, Poland: conference proceedings. \u2014 Krak\u00f3w : Scientific Publishing House \u201eAkapit\u201d, cop. 2022. \u2014 ISBN: 978-83-65955-62-3. \u2014 S. 120 \u2013 <strong>poster.<\/strong><\/li>\n\n\n\n<li><em><strong>Otrzymywanie w\u0142\u00f3knistych kompozyty dla potrzeb g\u0142\u0119bokiej stymulacji m\u00f3zgu. <\/strong><\/em>Monika Pta\u015b, Natalia Kondracka, Maciej GUBERNAT, Aneta FR\u0104CZEK-SZCZYPTA. Materia\u0142y w\u0119glowe i kompozyty polimerowe [Dokument elektroniczny] : nauka \u2013 przemys\u0142&#8217; 2021: <strong>XIII Konferencja Naukowo-Techniczna: 23-26 listopada 2021<\/strong>, Ustro\u0144\u2013Jaszowiec, e-ISBN: 978-83-63555-62-7. \u2014 S. 51 \u2013 <strong>poster.<\/strong><\/li>\n<\/ol>\n<\/div>\n<\/div>\n\n\n\n<div class=\"wp-block-group has-background\" style=\"background-color:#f9fafa\"><div class=\"wp-block-group__inner-container is-layout-constrained wp-block-group-is-layout-constrained\">\n<h5 class=\"wp-block-heading alignwide has-text-align-center\"> WOrkshoPS<\/h5>\n\n\n\n<p class=\"has-text-align-center\"><strong>IV Warsztaty Naukowe Polskiego Towarzystwa W\u0119glowego pt. \u201eNowe trendy w nauce o w\u0119glu&#8221;, 23.06.2023, Nowy S\u0105cz, Polska<\/strong><\/p>\n\n\n\n<p class=\"has-text-align-center\"><strong>TITLE: <\/strong><em>Optymalizacja procesu otrzymywania kompozyt\u00f3w w\u0119giel-w\u0119giel jako potencjalnych materia\u0142\u00f3w elektrodowych dla cel\u00f3w leczenia chor\u00f3b neurodegeneracyjnych<\/em>, Ryszard WIELOWSKI, Marcel ZAMBRZYCKI, Maciej GUBERNAT, Marta KAMI\u0143SKA, Marcelina KOZIEJ, Aneta FR\u0104CZEK-SZCZYPTA.<\/p>\n\n\n\n<p class=\"has-text-align-center\"><strong>V Warsztaty Naukowe Polskiego Towarzystwa W\u0119glowego pt. \u201eNowe trendy w nauce o w\u0119glu&#8221;, 21.06.2024, Szczecin, Polska<\/strong><\/p>\n\n\n\n<p class=\"has-text-align-center\"><strong>TITLE: <\/strong><em><em>Badanie wp\u0142ywu chemicznej funkcjonalizacji wielo\u015bciennych nanorurek w\u0119glowych na powierzchniow\u0105 modyfikacj\u0119 w\u0142\u00f3knistych kompozyt\u00f3w w\u0119glowych<\/em><\/em>, Ryszard WIELOWSKI, Marcel ZAMBRZYCKI, Maciej GUBERNAT, Aneta FR\u0104CZEK-SZCZYPTA.<\/p>\n\n\n\n<p class=\"has-text-align-center\"><strong>Udzia\u0142 w SIM Szko\u0142a In\u017cynierii Materia\u0142owej: Krak\u00f3w, 7\u20138 maja 2025, Krak\u00f3w, Polska<\/strong><\/p>\n\n\n\n<p class=\"has-text-align-center\"><strong>TITLE:<\/strong> <em>Influence of chemical functionalization of carbon nanotubes on the properties of composite electrode materials in the aspect of deep brain stimulation<\/em>. Ryszard WIELOWSKI, Marcel ZAMBRZYCKI, Aleksandra BENKO, Maciej GUBERNAT, Aneta FR\u0104CZEK-SZCZYPTA.<\/p>\n<\/div><\/div>\n\n\n\n<div style=\"height:30px\" aria-hidden=\"true\" class=\"wp-block-spacer\"><\/div>\n\n\n\n<div class=\"wp-block-columns has-background is-layout-flex wp-container-core-columns-is-layout-9d6595d7 wp-block-columns-is-layout-flex\" style=\"background-color:#f6f6f6\">\n<div class=\"wp-block-column is-vertically-aligned-center is-layout-flow wp-block-column-is-layout-flow\">\n<p class=\"has-text-align-center\"><strong><strong>Please contact us<\/strong><\/strong>:<\/p>\n\n\n\n<p style=\"text-align: center;\">Associated Professor Aneta Fraczek-Szczypta<!--more--><\/p>\n<p style=\"text-align: center;\">Email: <a href=\"mailto:afraczek@agh.edu.pl\">afraczek@agh.edu.pl<\/a><\/p>\n<p style=\"text-align: center;\">Phone: 0048 12 617 47 38<\/p>\n<p style=\"text-align: center;\">Av. Mickiewicza 30, building A3, room 228<\/p>\n<p style=\"text-align: center;\">30-059 Krakow, Poland<\/p>\n<\/div>\n<\/div>\n\n\n\n<div style=\"height:30px\" aria-hidden=\"true\" class=\"wp-block-spacer\"><\/div>\n","protected":false},"excerpt":{"rendered":"<p>Please contact us: Associated Professor Aneta Fraczek-Szczypta Project is supported by funds of The National Science Centre no. UMO-2020\/39\/B\/ST5\/02126 Project title Hybrid carbon composites for stimulation of cells of the &#8230;<\/p>\n","protected":false},"author":1,"featured_media":0,"parent":0,"menu_order":0,"comment_status":"closed","ping_status":"closed","template":"","meta":{"footnotes":""},"class_list":["post-494","page","type-page","status-publish","hentry"],"_links":{"self":[{"href":"https:\/\/syntcarbon.pl\/index.php\/wp-json\/wp\/v2\/pages\/494","targetHints":{"allow":["GET"]}}],"collection":[{"href":"https:\/\/syntcarbon.pl\/index.php\/wp-json\/wp\/v2\/pages"}],"about":[{"href":"https:\/\/syntcarbon.pl\/index.php\/wp-json\/wp\/v2\/types\/page"}],"author":[{"embeddable":true,"href":"https:\/\/syntcarbon.pl\/index.php\/wp-json\/wp\/v2\/users\/1"}],"replies":[{"embeddable":true,"href":"https:\/\/syntcarbon.pl\/index.php\/wp-json\/wp\/v2\/comments?post=494"}],"version-history":[{"count":19,"href":"https:\/\/syntcarbon.pl\/index.php\/wp-json\/wp\/v2\/pages\/494\/revisions"}],"predecessor-version":[{"id":591,"href":"https:\/\/syntcarbon.pl\/index.php\/wp-json\/wp\/v2\/pages\/494\/revisions\/591"}],"wp:attachment":[{"href":"https:\/\/syntcarbon.pl\/index.php\/wp-json\/wp\/v2\/media?parent=494"}],"curies":[{"name":"wp","href":"https:\/\/api.w.org\/{rel}","templated":true}]}}