{"id":548,"date":"2025-03-12T21:47:22","date_gmt":"2025-03-12T21:47:22","guid":{"rendered":"https:\/\/syntcarbon.pl\/?page_id=548"},"modified":"2025-03-12T22:33:30","modified_gmt":"2025-03-12T22:33:30","slug":"publication","status":"publish","type":"page","link":"https:\/\/syntcarbon.pl\/index.php\/publication\/","title":{"rendered":"Publications"},"content":{"rendered":"\n<h3 class=\"wp-block-heading has-vivid-red-color has-text-color has-link-color wp-elements-d3285016b0d00b634106c45f84698536\"><strong>Selected publications about composites<\/strong><\/h3>\n\n\n\n<p><\/p>\n\n\n\n<ol class=\"wp-block-list\">\n<li>Marcel ZAMBRZYCKI, Krystian SOKO\u0141OWSKI, Maciej GUBERNAT, Aneta FR\u0104CZEK-SZCZYPTA Effect of secondary carbon nanofillers on the electrical, thermal, and mechanical properties of conductive hybrid composites based on epoxy resin and graphite. Materials 14 (2021) no. 4169, s. 1\u201314<\/li>\n\n\n\n<li>Marcel ZAMBRZYCKI, Aneta FR\u0104CZEK-SZCZYPTA. Conductive hybrid polymer composites based on recycled carbon fibres and carbon nanofillers. Journal of Materials Science 53 (2018) 7403\u20137416<\/li>\n\n\n\n<li>Krystian SOKO\u0141OWSKI, Izabela Pszczo\u0142a, Stanis\u0142aw B\u0141A\u017bEWICZ, Andrzej BERNASIK, Kamil KORNAUS, Aneta FR\u0104CZEK-SZCZYPTA. Effect of various methods of pre-treatment of carbon fibers on the mechanical properties of PIP-based ceramics\/carbon composites. Journal of the European Ceramic Society 43 (2023) 5972\u20135985<\/li>\n\n\n\n<li>Marcel ZAMBRZYCKI, Janusz Tomala, Aneta FR\u0104CZEK-SZCZYPTA. Electrical and mechanical properties of granular-fibrous carbon-carbon composites with recycled carbon fibers. Ceramics International 44 (2018) 19282\u201319289<\/li>\n\n\n\n<li>Krystian SOKO\u0141OWSKI, Piotr Palka, Stanis\u0142aw B\u0141A\u017bEWICZ, Aneta FR\u0104CZEK-SZCZYPTA. Carbon nanofibers-based nanocomposites with silicon oxy-carbide matrix. Ceramics International 46 (2020) 1040\u20131051<\/li>\n\n\n\n<li>Marcel ZAMBRZYCKI, Ryszard WIELOWSKI, Maciej GUBERNAT, Danuta Jantas, Beata PACZOSA-BATOR, Aneta FR\u0104CZEK-SZCZYPTA. The impact of chemical functionalization of carbon nanotubes on the electrochemical performance of carbon fiber\/pyrocarbon\/carbon nanotube composites as potential materials for electrodes for nerve cell stimulation. Applied Surface Science 670 (2024) 160713, s. 1\u201314<\/li>\n\n\n\n<li>Rafa\u0142 Twar\u00f3g, Micha\u0142 Sendor, Alicja RAPACZ-KMITA, Marcin GAJEK, Jakub MARCHEWKA, Ewa STODOLAK-ZYCH. Evaluation of properties of polymer-ceramic filaments modified with aluminosilicates for use in 3D printing. Composites Theory and Practice&nbsp; 23 (2023)&nbsp;56-63.&nbsp;<\/li>\n\n\n\n<li>Krystian SOKO\u0141OWSKI, Aneta FR\u0104CZEK-SZCZYPTA, Janusz Tomala, Stanis\u0142aw B\u0141A\u017bEWICZ. Organosilicon resin-based carbon\/ceramic polygranular composites with improved oxidation resistance Korean Journal of Chemical Engineering 35 (2018) 1354\u20131364<\/li>\n\n\n\n<li>Filip Kateusz, Tomasz Korzec, Marcel ZAMBRZYCKI, Oleksandr CHERNIUSHOK, Maciej GUBERNAT. Influence of montmorillonite nanoparticles on thermal and mechanical properties of carbon-carbon hybrid composites based on phenolic-formaldehyde resin. Composites Theory and Practice&nbsp; 21 (2021)&nbsp;96\u2013101.<\/li>\n\n\n\n<li>Aneta FR\u0104CZEK-SZCZYPTA, Natalia Kondracka, Marcel ZAMBRZYCKI, Maciej GUBERNAT, Pawe\u0142 Czaja, Miros\u0142awa Pawlyta, Piotr JELE\u0143, Ryszard WIELOWSKI, Danuta Jantas. Exploring CVD method for synthesizing carbon\u2013carbon composites as materials to contact with nerve tissue. Journal of Functional Biomaterials 14 (2023) 1\u201327<\/li>\n\n\n\n<li>Maciej GUBERNAT, Marcel ZAMBRZYCKI, Ryszard WIELOWSKI, Ewa STODOLAK-ZYCH, Jaros\u0142aw Markowski, Aneta FR\u0104CZEK-SZCZYPTA. Synthesis of nanocomposites of montmorillonite with carbon nanotubes as a potential material for water purification. APL Materials 12 (2024) 011122-1\u2013011122-11.<\/li>\n\n\n\n<li>Krystian SOKO\u0141OWSKI, Maciej GUBERNAT, Stanis\u0142aw B\u0141A\u017bEWICZ, Aneta FR\u0104CZEK-SZCZYPTA. Comparative study of interphase evolution in polysiloxane resin-derived matrix containing carbon micro and nanofibers during thermal treatment. Journal of the European Ceramic Society 40 (2020) 5205\u20135216<\/li>\n\n\n\n<li>Sebastian WILK, David Medina-Cruz, Marcel ZAMBRZYCKI, Piotr K.&nbsp;SZEWCZYK, Marek NOCU\u0143, El\u017cbieta Menaszek, Thomas J.&nbsp;Webster, Aleksandra BENKO. The addition of carbon nanotubes modifies the biological, physicochemical, and electrical properties of carbon nanofiber composites. Chemical Engineering Journal&nbsp; 455 (2023) 1\u201318.&nbsp;<\/li>\n\n\n\n<li>Maciej GUBERNAT, Aneta FR\u0104CZEK-SZCZYPTA, Janusz Tomala, Stanis\u0142aw B\u0141A\u017bEWICZ, Catalytic effect of montmorillonite nanoparticles on thermal decomposition of coal tar pitch to carbon. Journal of Analytical and Applied Pyrolysis 130 (2018) 90\u201398<\/li>\n\n\n\n<li>Maciej GUBERNAT, Marcel ZAMBRZYCKI. Catalytic activity of K10 montmorillonite in the chemical vapor deposition of multi-wall carbon nanotubes from methane. Applied Clay Science&nbsp; 21 (2021) no.&nbsp;106178, s.&nbsp;1\u201311.<\/li>\n\n\n\n<li>Marcel ZAMBRZYCKI, Aneta FR\u0104CZEK-SZCZYPTA. Study on the synthesis and properties of hierarchically structured electrospun\/vapour-grown carbon nanofibres nanocomposites Journal of Industrial and Engineering Chemistry 86 (2020) 100\u2013112<\/li>\n\n\n\n<li>Spos\u00f3b wytwarzania w\u0142\u00f3kien w\u0119glowych \/ Politechnika \u0141\u00f3dzka ; wynalazca: Grzegorz Szparaga, Magdalena Brzezi\u0144ska, Izabella Kruci\u0144ska, Ewelina Pabja\u0144czyk-Wlaz\u0142o, Aneta FR\u0104CZEK-SZCZYPTA. \u2014 Opis patentowy ; PL236652B1 ; Opubl. 2021-02-08<\/li>\n\n\n\n<li>Spos\u00f3b modyfikacji paku w\u0119glowego, przeznaczonego do wytwarzania wyrob\u00f3w w\u0119glowych i grafitowych \/ Akademia G\u00f3rniczo-Hutnicza im. Stanis\u0142awa Staszica w Krakowie ; wynalazca: Aneta FR\u0104CZEK-SZCZYPTA, Stanis\u0142aw B\u0141A\u017bEWICZ, Janusz Tomala, Maciej GUBERNAT, Tomasz LIS. \u2014 Opis zg\u0142oszeniowy wynalazku ; PL441178A1 ; Opubl. 2023-11-20<\/li>\n\n\n\n<li>Maciej GUBERNAT, Marcel ZAMBRZYCKI, Aneta FR\u0104CZEK-SZCZYPTA, Stanis\u0142aw B\u0141A\u017bEWICZ. Structural and microstructural study of novel stacked toroidal carbon nanotubes Micron 130 (2020) 102816, s. 1\u20139<\/li>\n\n\n\n<li>\u0141ukasz ZYCH, Anna Maria Osyczka, Agnieszka \u0141\u0104CZ, Agnieszka R\u00d3\u017bYCKA, Wiktor NIEMIEC, Alicja RAPACZ-KMITA, Ewa DZIERZKOWSKA, Ewa STODOLAK-ZYCH. How surface properties of silica nanoparticles influence structural, microstructural and biological properties of polymer nanocomposites. Materials 14 (2021) 1-17.&nbsp;<\/li>\n\n\n\n<li>Dominik GROCHALA, Marcin KAJOR, Pawe\u0142 Smole\u0144, Ewa STODOLAK-ZYCH. Preliminary investigations on silicone resin composites with carbon filler for dry electrodes application. In\u017cynieria Biomateria\u0142\u00f3w 22 (2019)&nbsp;20\u201324.<\/li>\n\n\n\n<li>Ma\u0142gorzata \u015aWI\u0118TEK, Waldemar TOKARZ, Aleksandra BENKO, Marek NOCU\u0143, Eli\u0161ka M\u00e1zl-Ch\u00e1nov\u00e1, Marta B\u0141A\u017bEWICZ. Fabrication of CNT\/ION hybrids and their impact on the biomedical applicability of PCL-based composite films. Polymer Composites 40 (2019) E1829\u2013E1830.&nbsp;<\/li>\n<\/ol>\n","protected":false},"excerpt":{"rendered":"<p>Selected publications about composites<\/p>\n","protected":false},"author":1,"featured_media":0,"parent":0,"menu_order":0,"comment_status":"closed","ping_status":"closed","template":"","meta":{"footnotes":""},"class_list":["post-548","page","type-page","status-publish","hentry"],"_links":{"self":[{"href":"https:\/\/syntcarbon.pl\/index.php\/wp-json\/wp\/v2\/pages\/548","targetHints":{"allow":["GET"]}}],"collection":[{"href":"https:\/\/syntcarbon.pl\/index.php\/wp-json\/wp\/v2\/pages"}],"about":[{"href":"https:\/\/syntcarbon.pl\/index.php\/wp-json\/wp\/v2\/types\/page"}],"author":[{"embeddable":true,"href":"https:\/\/syntcarbon.pl\/index.php\/wp-json\/wp\/v2\/users\/1"}],"replies":[{"embeddable":true,"href":"https:\/\/syntcarbon.pl\/index.php\/wp-json\/wp\/v2\/comments?post=548"}],"version-history":[{"count":6,"href":"https:\/\/syntcarbon.pl\/index.php\/wp-json\/wp\/v2\/pages\/548\/revisions"}],"predecessor-version":[{"id":565,"href":"https:\/\/syntcarbon.pl\/index.php\/wp-json\/wp\/v2\/pages\/548\/revisions\/565"}],"wp:attachment":[{"href":"https:\/\/syntcarbon.pl\/index.php\/wp-json\/wp\/v2\/media?parent=548"}],"curies":[{"name":"wp","href":"https:\/\/api.w.org\/{rel}","templated":true}]}}